{"id":6,"date":"2024-12-17T21:13:52","date_gmt":"2024-12-17T21:13:52","guid":{"rendered":"https:\/\/kadinkatilimi.sosyaliklim.org\/?page_id=6"},"modified":"2024-12-20T22:58:18","modified_gmt":"2024-12-20T22:58:18","slug":"anasayfa","status":"publish","type":"page","link":"https:\/\/kadinkatilimi.sosyaliklim.org\/","title":{"rendered":"Anasayfa"},"content":{"rendered":"\t\t<div data-elementor-type=\"wp-post\" data-elementor-id=\"6\" class=\"elementor elementor-6\">\n\t\t\t\t<div class=\"elementor-element elementor-element-789966ec e-flex e-con-boxed e-con e-parent\" data-id=\"789966ec\" data-element_type=\"container\">\n\t\t\t\t\t<div class=\"e-con-inner\">\n\t\t<div class=\"elementor-element elementor-element-334dab1c e-con-full e-flex e-con e-child\" data-id=\"334dab1c\" data-element_type=\"container\">\n\t\t<div class=\"elementor-element elementor-element-5bf744b1 e-con-full e-flex e-con e-child\" data-id=\"5bf744b1\" data-element_type=\"container\">\n\t\t\t\t<div class=\"elementor-element elementor-element-17cbbddd layout-underline elementor-widget elementor-widget-gum_heading\" data-id=\"17cbbddd\" data-element_type=\"widget\" data-widget_type=\"gum_heading.default\">\n\t\t\t\t<div class=\"elementor-widget-container\">\n\t\t\t\t\t<div class=\"gum-widget-title decor-after\"><h1 class=\"section-main-title size-default\"><span class=\"prefix\">Act<\/span><span class=\"maintitle\">4<\/span><span class=\"subfix\">Voices<\/span><\/h1><\/div>\t\t\t\t<\/div>\n\t\t\t\t<\/div>\n\t\t\t\t<div class=\"elementor-element elementor-element-7cfdbcff elementor-widget elementor-widget-heading\" data-id=\"7cfdbcff\" data-element_type=\"widget\" data-widget_type=\"heading.default\">\n\t\t\t\t<div class=\"elementor-widget-container\">\n\t\t\t\t\t<div class=\"elementor-heading-title elementor-size-default\">Gen\u00e7 Kad\u0131nlar\u0131n Yerel G\u00fc\u00e7lendirme ve Kat\u0131l\u0131m\u0131 Projesi<\/div>\t\t\t\t<\/div>\n\t\t\t\t<\/div>\n\t\t\t\t<\/div>\n\t\t<div class=\"elementor-element elementor-element-3f14510e e-con-full e-flex e-con e-child\" data-id=\"3f14510e\" data-element_type=\"container\">\n\t\t\t\t<div class=\"elementor-element elementor-element-65d5185e elementor-align-right elementor-widget__width-auto elementor-mobile-align-justify elementor-widget-mobile__width-inherit elementor-tablet-align-justify elementor-widget elementor-widget-button\" data-id=\"65d5185e\" data-element_type=\"widget\" data-widget_type=\"button.default\">\n\t\t\t\t<div class=\"elementor-widget-container\">\n\t\t\t\t\t\t\t\t\t<div class=\"elementor-button-wrapper\">\n\t\t\t\t\t<a class=\"elementor-button elementor-button-link elementor-size-sm\" href=\"#\">\n\t\t\t\t\t\t<span class=\"elementor-button-content-wrapper\">\n\t\t\t\t\t\t<span class=\"elementor-button-icon\">\n\t\t\t\t<svg aria-hidden=\"true\" class=\"e-font-icon-svg e-fas-broadcast-tower\" viewBox=\"0 0 640 512\" xmlns=\"http:\/\/www.w3.org\/2000\/svg\"><path d=\"M150.94 192h33.73c11.01 0 18.61-10.83 14.86-21.18-4.93-13.58-7.55-27.98-7.55-42.82s2.62-29.24 7.55-42.82C203.29 74.83 195.68 64 184.67 64h-33.73c-7.01 0-13.46 4.49-15.41 11.23C130.64 92.21 128 109.88 128 128c0 18.12 2.64 35.79 7.54 52.76 1.94 6.74 8.39 11.24 15.4 11.24zM89.92 23.34C95.56 12.72 87.97 0 75.96 0H40.63c-6.27 0-12.14 3.59-14.74 9.31C9.4 45.54 0 85.65 0 128c0 24.75 3.12 68.33 26.69 118.86 2.62 5.63 8.42 9.14 14.61 9.14h34.84c12.02 0 19.61-12.74 13.95-23.37-49.78-93.32-16.71-178.15-.17-209.29zM614.06 9.29C611.46 3.58 605.6 0 599.33 0h-35.42c-11.98 0-19.66 12.66-14.02 23.25 18.27 34.29 48.42 119.42.28 209.23-5.72 10.68 1.8 23.52 13.91 23.52h35.23c6.27 0 12.13-3.58 14.73-9.29C630.57 210.48 640 170.36 640 128s-9.42-82.48-25.94-118.71zM489.06 64h-33.73c-11.01 0-18.61 10.83-14.86 21.18 4.93 13.58 7.55 27.98 7.55 42.82s-2.62 29.24-7.55 42.82c-3.76 10.35 3.85 21.18 14.86 21.18h33.73c7.02 0 13.46-4.49 15.41-11.24 4.9-16.97 7.53-34.64 7.53-52.76 0-18.12-2.64-35.79-7.54-52.76-1.94-6.75-8.39-11.24-15.4-11.24zm-116.3 100.12c7.05-10.29 11.2-22.71 11.2-36.12 0-35.35-28.63-64-63.96-64-35.32 0-63.96 28.65-63.96 64 0 13.41 4.15 25.83 11.2 36.12l-130.5 313.41c-3.4 8.15.46 17.52 8.61 20.92l29.51 12.31c8.15 3.4 17.52-.46 20.91-8.61L244.96 384h150.07l49.2 118.15c3.4 8.16 12.76 12.01 20.91 8.61l29.51-12.31c8.15-3.4 12-12.77 8.61-20.92l-130.5-313.41zM271.62 320L320 203.81 368.38 320h-96.76z\"><\/path><\/svg>\t\t\t<\/span>\n\t\t\t\t\t\t\t\t\t<span class=\"elementor-button-text\">Dinleyece\u011fim<\/span>\n\t\t\t\t\t<\/span>\n\t\t\t\t\t<\/a>\n\t\t\t\t<\/div>\n\t\t\t\t\t\t\t\t<\/div>\n\t\t\t\t<\/div>\n\t\t\t\t<\/div>\n\t\t\t\t<\/div>\n\t\t<div class=\"elementor-element elementor-element-111a3fb9 e-con-full e-flex e-con e-child\" data-id=\"111a3fb9\" data-element_type=\"container\" data-settings=\"{&quot;animation_mobile&quot;:&quot;none&quot;}\">\n\t\t<div class=\"elementor-element elementor-element-4ccf770 e-con-full e-flex e-con e-child\" data-id=\"4ccf770\" data-element_type=\"container\">\n\t\t\t\t<div class=\"elementor-element elementor-element-56936590 elementor-absolute elementor-widget elementor-widget-spacer\" data-id=\"56936590\" data-element_type=\"widget\" data-settings=\"{&quot;_position&quot;:&quot;absolute&quot;}\" data-widget_type=\"spacer.default\">\n\t\t\t\t<div class=\"elementor-widget-container\">\n\t\t\t\t\t\t\t<div class=\"elementor-spacer\">\n\t\t\t<div class=\"elementor-spacer-inner\"><\/div>\n\t\t<\/div>\n\t\t\t\t\t\t<\/div>\n\t\t\t\t<\/div>\n\t\t\t\t<div class=\"elementor-element elementor-element-5caa01c1 elementor-widget elementor-widget-image\" data-id=\"5caa01c1\" data-element_type=\"widget\" data-widget_type=\"image.default\">\n\t\t\t\t<div class=\"elementor-widget-container\">\n\t\t\t\t\t\t\t\t\t\t\t\t\t\t\t<img fetchpriority=\"high\" decoding=\"async\" width=\"3000\" height=\"3000\" src=\"https:\/\/kadinkatilimi.sosyaliklim.org\/wp-content\/uploads\/2024\/12\/Adsiz-tasarim-6.png\" class=\"attachment-full size-full wp-image-101\" alt=\"\" srcset=\"https:\/\/kadinkatilimi.sosyaliklim.org\/wp-content\/uploads\/2024\/12\/Adsiz-tasarim-6.png 3000w, https:\/\/kadinkatilimi.sosyaliklim.org\/wp-content\/uploads\/2024\/12\/Adsiz-tasarim-6-300x300.png 300w, https:\/\/kadinkatilimi.sosyaliklim.org\/wp-content\/uploads\/2024\/12\/Adsiz-tasarim-6-1024x1024.png 1024w, https:\/\/kadinkatilimi.sosyaliklim.org\/wp-content\/uploads\/2024\/12\/Adsiz-tasarim-6-150x150.png 150w, https:\/\/kadinkatilimi.sosyaliklim.org\/wp-content\/uploads\/2024\/12\/Adsiz-tasarim-6-768x768.png 768w, https:\/\/kadinkatilimi.sosyaliklim.org\/wp-content\/uploads\/2024\/12\/Adsiz-tasarim-6-1536x1536.png 1536w, https:\/\/kadinkatilimi.sosyaliklim.org\/wp-content\/uploads\/2024\/12\/Adsiz-tasarim-6-2048x2048.png 2048w\" sizes=\"(max-width: 3000px) 100vw, 3000px\" \/>\t\t\t\t\t\t\t\t\t\t\t\t\t\t\t<\/div>\n\t\t\t\t<\/div>\n\t\t\t\t<\/div>\n\t\t\t\t<\/div>\n\t\t\t\t\t<\/div>\n\t\t\t\t<\/div>\n\t\t<br \/>\n<b>Warning<\/b>:  Trying to access array offset on false in <b>\/home\/sosyalik\/kadinkatilimi.sosyaliklim.org\/wp-content\/plugins\/elementor\/includes\/base\/widget-base.php<\/b> on line <b>223<\/b><br \/>\n<br \/>\n<b>Warning<\/b>:  Undefined array key -1 in <b>\/home\/sosyalik\/kadinkatilimi.sosyaliklim.org\/wp-content\/plugins\/elementor\/includes\/base\/controls-stack.php<\/b> on line <b>695<\/b><br \/>\n<br \/>\n<b>Warning<\/b>:  Trying to access array offset on false in <b>\/home\/sosyalik\/kadinkatilimi.sosyaliklim.org\/wp-content\/plugins\/elementor\/includes\/base\/widget-base.php<\/b> on line <b>223<\/b><br \/>\n<br \/>\n<b>Warning<\/b>:  Undefined array key -1 in <b>\/home\/sosyalik\/kadinkatilimi.sosyaliklim.org\/wp-content\/plugins\/elementor\/includes\/base\/controls-stack.php<\/b> on line <b>695<\/b><br \/>\n<div class=\"elementor-element elementor-element-3c7c6a0 e-flex e-con-boxed e-con e-parent\" data-id=\"3c7c6a0\" data-element_type=\"container\">\n\t\t\t\t\t<div class=\"e-con-inner\">\n\t\t<div class=\"elementor-element elementor-element-59296f83 e-con-full e-flex e-con e-child\" data-id=\"59296f83\" data-element_type=\"container\">\n\t\t<div class=\"elementor-element elementor-element-2e89a23d e-con-full e-flex e-con e-child\" data-id=\"2e89a23d\" data-element_type=\"container\" data-settings=\"{&quot;background_background&quot;:&quot;classic&quot;}\">\n\t\t\t\t<div class=\"elementor-element elementor-element-17bde2db elementor-widget elementor-widget-image\" data-id=\"17bde2db\" data-element_type=\"widget\" data-widget_type=\"image.default\">\n\t\t\t\t<div class=\"elementor-widget-container\">\n\t\t\t\t\t\t\t\t\t\t\t\t\t\t\t<img decoding=\"async\" src=\"https:\/\/kadinkatilimi.sosyaliklim.org\/wp-content\/uploads\/elementor\/thumbs\/DSCF9343-scaled-qyt2nzel9bevzvwcz75ejiozsk4nfkxxofsx19lyps.jpg\" title=\"DSCF9343\" alt=\"DSCF9343\" loading=\"lazy\" \/>\t\t\t\t\t\t\t\t\t\t\t\t\t\t\t<\/div>\n\t\t\t\t<\/div>\n\t\t\t\t<\/div>\n\t\t\t\t<\/div>\n\t\t<div class=\"elementor-element elementor-element-7ca5f4ed e-con-full e-flex e-con e-child\" data-id=\"7ca5f4ed\" data-element_type=\"container\">\n\t\t<div class=\"elementor-element elementor-element-34c94749 e-con-full e-flex e-con e-child\" data-id=\"34c94749\" data-element_type=\"container\">\n\t\t\t\t<div class=\"elementor-element elementor-element-51e198fc elementor-widget elementor-widget-heading\" data-id=\"51e198fc\" data-element_type=\"widget\" data-widget_type=\"heading.default\">\n\t\t\t\t<div class=\"elementor-widget-container\">\n\t\t\t\t\t<div class=\"elementor-heading-title elementor-size-default\">Gen\u00e7 kad\u0131nlar\u0131n yerel d\u00fczeyde savunuculuk becerilerini geli\u015ftirmeyi ve kat\u0131l\u0131m mekanizmalar\u0131n\u0131 daha etkin kullanmalar\u0131n\u0131 sa\u011flamay\u0131 hedeflemektedir.<\/div>\t\t\t\t<\/div>\n\t\t\t\t<\/div>\n\t\t\t\t<\/div>\n\t\t<div class=\"elementor-element elementor-element-28f018d8 e-con-full e-flex e-con e-child\" data-id=\"28f018d8\" data-element_type=\"container\">\n\t\t<div class=\"elementor-element elementor-element-10ba8b7f e-con-full e-flex e-con e-child\" data-id=\"10ba8b7f\" data-element_type=\"container\">\n\t\t\t\t<div class=\"elementor-element elementor-element-46a19ac6 elementor-widget__width-auto elementor-widget elementor-widget-counter\" data-id=\"46a19ac6\" data-element_type=\"widget\" data-widget_type=\"counter.default\">\n\t\t\t\t<div class=\"elementor-widget-container\">\n\t\t\t\t\t\t\t<div class=\"elementor-counter\">\n\t\t\t\t\t\t<div class=\"elementor-counter-number-wrapper\">\n\t\t\t\t<span class=\"elementor-counter-number-prefix\"><\/span>\n\t\t\t\t<span class=\"elementor-counter-number\" data-duration=\"2000\" data-to-value=\"12\" data-from-value=\"0\" data-delimiter=\",\">0<\/span>\n\t\t\t\t<span class=\"elementor-counter-number-suffix\"> At\u00f6lye<\/span>\n\t\t\t<\/div>\n\t\t<\/div>\n\t\t\t\t\t\t<\/div>\n\t\t\t\t<\/div>\n\t\t\t\t<\/div>\n\t\t<div class=\"elementor-element elementor-element-216979e7 e-con-full e-flex e-con e-child\" data-id=\"216979e7\" data-element_type=\"container\">\n\t\t\t\t<div class=\"elementor-element elementor-element-7b76e44b elementor-widget__width-auto elementor-widget elementor-widget-counter\" data-id=\"7b76e44b\" data-element_type=\"widget\" data-widget_type=\"counter.default\">\n\t\t\t\t<div class=\"elementor-widget-container\">\n\t\t\t\t\t\t\t<div class=\"elementor-counter\">\n\t\t\t\t\t\t<div class=\"elementor-counter-number-wrapper\">\n\t\t\t\t<span class=\"elementor-counter-number-prefix\"><\/span>\n\t\t\t\t<span class=\"elementor-counter-number\" data-duration=\"800\" data-to-value=\"1000\" data-from-value=\"0\" data-delimiter=\".\">0<\/span>\n\t\t\t\t<span class=\"elementor-counter-number-suffix\">+ Kat\u0131l\u0131mc\u0131<\/span>\n\t\t\t<\/div>\n\t\t<\/div>\n\t\t\t\t\t\t<\/div>\n\t\t\t\t<\/div>\n\t\t\t\t<\/div>\n\t\t\t\t<\/div>\n\t\t\t\t<\/div>\n\t\t\t\t\t<\/div>\n\t\t\t\t<\/div>\n\t\t<div class=\"elementor-element elementor-element-7dfc9b64 e-flex e-con-boxed e-con e-parent\" data-id=\"7dfc9b64\" data-element_type=\"container\">\n\t\t\t\t\t<div class=\"e-con-inner\">\n\t\t<div class=\"elementor-element elementor-element-43ba535c e-con-full e-flex e-con e-child\" data-id=\"43ba535c\" data-element_type=\"container\">\n\t\t<div class=\"elementor-element elementor-element-822b575 e-con-full e-flex e-con e-child\" data-id=\"822b575\" data-element_type=\"container\">\n\t\t\t\t<div class=\"elementor-element elementor-element-4d4197bd elementor-widget elementor-widget-gum_heading\" data-id=\"4d4197bd\" data-element_type=\"widget\" data-widget_type=\"gum_heading.default\">\n\t\t\t\t<div class=\"elementor-widget-container\">\n\t\t\t\t\t<div class=\"gum-widget-title\"><h2 class=\"section-main-title size-default\"><span class=\"prefix\">\u0130zmir, Eski\u015fehir, Adana ve Denizli olmak \u00fczere <\/span><span class=\"maintitle\">4<\/span><span class=\"subfix\"> \u015eehir<\/span><\/h2><\/div>\t\t\t\t<\/div>\n\t\t\t\t<\/div>\n\t\t\t\t<div class=\"elementor-element elementor-element-7ff42ad5 elementor-widget elementor-widget-heading\" data-id=\"7ff42ad5\" data-element_type=\"widget\" data-widget_type=\"heading.default\">\n\t\t\t\t<div class=\"elementor-widget-container\">\n\t\t\t\t\t<div class=\"elementor-heading-title elementor-size-default\">At\u00f6lyelerde, toplumsal cinsiyet e\u015fitli\u011fi ve insan haklar\u0131 oda\u011f\u0131nda stratejik planlama yapma ve izleme becerileri kazand\u0131r\u0131lmaktad\u0131r. E\u011fitim konular\u0131 aras\u0131nda savunuculuk, toplumsal cinsiyet e\u015fitli\u011fi ve kat\u0131l\u0131m s\u00fcre\u00e7leri, kampanya olu\u015fturma, yerel e\u015fitlik izleme ve planlama ara\u00e7lar\u0131 yer almaktad\u0131r.<\/div>\t\t\t\t<\/div>\n\t\t\t\t<\/div>\n\t\t\t\t<\/div>\n\t\t\t\t<\/div>\n\t\t<div class=\"elementor-element elementor-element-619b2f93 e-con-full e-flex e-con e-child\" data-id=\"619b2f93\" data-element_type=\"container\">\n\t\t<div class=\"elementor-element elementor-element-55332f3b e-con-full e-flex e-con e-child\" data-id=\"55332f3b\" data-element_type=\"container\" data-settings=\"{&quot;background_background&quot;:&quot;classic&quot;}\">\n\t\t\t\t<div class=\"elementor-element elementor-element-791dc984 elementor-widget elementor-widget-image\" data-id=\"791dc984\" data-element_type=\"widget\" data-widget_type=\"image.default\">\n\t\t\t\t<div class=\"elementor-widget-container\">\n\t\t\t\t\t\t\t\t\t\t\t\t\t\t\t<img decoding=\"async\" src=\"https:\/\/kadinkatilimi.sosyaliklim.org\/wp-content\/uploads\/elementor\/thumbs\/DSCF9327-1-scaled-qyt2s9k4e59wvxofz1s7wfsl7r0uhxxwxmsjqn9edc.jpg\" title=\"DSCF9327 (1)\" alt=\"DSCF9327 (1)\" loading=\"lazy\" \/>\t\t\t\t\t\t\t\t\t\t\t\t\t\t\t<\/div>\n\t\t\t\t<\/div>\n\t\t\t\t<\/div>\n\t\t\t\t<\/div>\n\t\t\t\t\t<\/div>\n\t\t\t\t<\/div>\n\t\t\t\t<\/div>\n\t\t","protected":false},"excerpt":{"rendered":"<p>Act4Voices Gen\u00e7 Kad\u0131nlar\u0131n Yerel G\u00fc\u00e7lendirme ve Kat\u0131l\u0131m\u0131 Projesi Dinleyece\u011fim Gen\u00e7 kad\u0131nlar\u0131n yerel d\u00fczeyde savunuculuk becerilerini geli\u015ftirmeyi ve kat\u0131l\u0131m mekanizmalar\u0131n\u0131 daha etkin kullanmalar\u0131n\u0131 sa\u011flamay\u0131 hedeflemektedir. 0 At\u00f6lye 0 + Kat\u0131l\u0131mc\u0131 \u0130zmir, Eski\u015fehir, Adana ve Denizli olmak \u00fczere 4 \u015eehir At\u00f6lyelerde, toplumsal cinsiyet e\u015fitli\u011fi ve insan haklar\u0131 oda\u011f\u0131nda stratejik planlama yapma ve izleme becerileri kazand\u0131r\u0131lmaktad\u0131r. E\u011fitim konular\u0131 [&hellip;]<\/p>\n","protected":false},"author":1,"featured_media":0,"parent":0,"menu_order":0,"comment_status":"closed","ping_status":"closed","template":"","meta":{"footnotes":""},"class_list":["post-6","page","type-page","status-publish","hentry"],"_links":{"self":[{"href":"https:\/\/kadinkatilimi.sosyaliklim.org\/index.php?rest_route=\/wp\/v2\/pages\/6","targetHints":{"allow":["GET"]}}],"collection":[{"href":"https:\/\/kadinkatilimi.sosyaliklim.org\/index.php?rest_route=\/wp\/v2\/pages"}],"about":[{"href":"https:\/\/kadinkatilimi.sosyaliklim.org\/index.php?rest_route=\/wp\/v2\/types\/page"}],"author":[{"embeddable":true,"href":"https:\/\/kadinkatilimi.sosyaliklim.org\/index.php?rest_route=\/wp\/v2\/users\/1"}],"replies":[{"embeddable":true,"href":"https:\/\/kadinkatilimi.sosyaliklim.org\/index.php?rest_route=%2Fwp%2Fv2%2Fcomments&post=6"}],"version-history":[{"count":26,"href":"https:\/\/kadinkatilimi.sosyaliklim.org\/index.php?rest_route=\/wp\/v2\/pages\/6\/revisions"}],"predecessor-version":[{"id":126,"href":"https:\/\/kadinkatilimi.sosyaliklim.org\/index.php?rest_route=\/wp\/v2\/pages\/6\/revisions\/126"}],"wp:attachment":[{"href":"https:\/\/kadinkatilimi.sosyaliklim.org\/index.php?rest_route=%2Fwp%2Fv2%2Fmedia&parent=6"}],"curies":[{"name":"wp","href":"https:\/\/api.w.org\/{rel}","templated":true}]}}